{"id":197,"date":"2025-12-18T11:05:49","date_gmt":"2025-12-18T14:05:49","guid":{"rendered":"https:\/\/staging0.gabrielamtk.com\/?page_id=197"},"modified":"2025-12-19T09:18:12","modified_gmt":"2025-12-19T12:18:12","slug":"seo","status":"publish","type":"page","link":"https:\/\/staging0.gabrielamtk.com\/?page_id=197","title":{"rendered":"SEO"},"content":{"rendered":"\t\t<div data-elementor-type=\"wp-page\" data-elementor-id=\"197\" class=\"elementor elementor-197\" data-elementor-post-type=\"page\">\n\t\t\t\t<div class=\"elementor-element elementor-element-58bfb6e4 e-flex e-con-boxed e-con e-parent\" data-id=\"58bfb6e4\" data-element_type=\"container\" data-settings=\"{&quot;background_background&quot;:&quot;classic&quot;}\">\n\t\t\t\t\t<div class=\"e-con-inner\">\n\t\t<div class=\"elementor-element elementor-element-232e73a2 e-flex e-con-boxed e-con e-child\" data-id=\"232e73a2\" data-element_type=\"container\">\n\t\t\t\t\t<div class=\"e-con-inner\">\n\t\t\t\t<div class=\"elementor-element elementor-element-6de47107 elementor-widget elementor-widget-heading\" data-id=\"6de47107\" data-element_type=\"widget\" data-widget_type=\"heading.default\">\n\t\t\t\t\t<h1 class=\"elementor-heading-title elementor-size-default\">SEO<\/h1>\t\t\t\t<\/div>\n\t\t\t\t\t<\/div>\n\t\t\t\t<\/div>\n\t\t\t\t\t<\/div>\n\t\t\t\t<\/div>\n\t\t<div class=\"elementor-element elementor-element-526b8d4f e-flex e-con-boxed e-con e-parent\" data-id=\"526b8d4f\" data-element_type=\"container\">\n\t\t\t\t\t<div class=\"e-con-inner\">\n\t\t<div class=\"elementor-element elementor-element-6c7cb72b e-con-full e-flex e-con e-child\" data-id=\"6c7cb72b\" data-element_type=\"container\">\n\t\t\t\t<div class=\"elementor-element elementor-element-4893f375 elementor-widget elementor-widget-heading\" data-id=\"4893f375\" data-element_type=\"widget\" data-widget_type=\"heading.default\">\n\t\t\t\t\t<h3 class=\"elementor-heading-title elementor-size-default\">Como funciona o nosso servi\u00e7o de Seo<\/h3>\t\t\t\t<\/div>\n\t\t\t\t<div class=\"elementor-element elementor-element-78b2f878 elementor-widget elementor-widget-heading\" data-id=\"78b2f878\" data-element_type=\"widget\" data-widget_type=\"heading.default\">\n\t\t\t\t\t<div class=\"elementor-heading-title elementor-size-default\">Na KN, o SEO \u00e9 trabalhado de forma estrat\u00e9gica para posicionar sua marca nos primeiros resultados do Google e atrair clientes de forma org\u00e2nica e cont\u00ednua. Desenvolvemos estrat\u00e9gias completas de otimiza\u00e7\u00e3o que aumentam a visibilidade do seu site, fortalecem a autoridade da marca e geram tr\u00e1fego qualificado.<\/div>\t\t\t\t<\/div>\n\t\t\t\t<div class=\"elementor-element elementor-element-2d53fa44 elementor-widget elementor-widget-heading\" data-id=\"2d53fa44\" data-element_type=\"widget\" data-widget_type=\"heading.default\">\n\t\t\t\t\t<div class=\"elementor-heading-title elementor-size-default\">Atuamos desde a estrutura t\u00e9cnica do site, otimiza\u00e7\u00e3o de velocidade e experi\u00eancia do usu\u00e1rio, at\u00e9 a cria\u00e7\u00e3o e otimiza\u00e7\u00e3o de conte\u00fados, palavras-chave estrat\u00e9gicas e SEO local. Tudo \u00e9 planejado para que o seu neg\u00f3cio seja encontrado pelas pessoas certas, no momento certo.<\/div>\t\t\t\t<\/div>\n\t\t\t\t<div class=\"elementor-element elementor-element-1091ea2 elementor-widget elementor-widget-heading\" data-id=\"1091ea2\" data-element_type=\"widget\" data-widget_type=\"heading.default\">\n\t\t\t\t\t<div class=\"elementor-heading-title elementor-size-default\">Nosso trabalho de SEO \u00e9 integrado ao web design, identidade visual, social media, automa\u00e7\u00e3o com IA e tr\u00e1fego pago, garantindo uma presen\u00e7a digital consistente e orientada a resultados. Monitoramos m\u00e9tricas, realizamos ajustes constantes e aplicamos boas pr\u00e1ticas para manter o crescimento org\u00e2nico de forma sustent\u00e1vel.<\/div>\t\t\t\t<\/div>\n\t\t\t\t<div class=\"elementor-element elementor-element-d3858e1 elementor-widget elementor-widget-heading\" data-id=\"d3858e1\" data-element_type=\"widget\" data-widget_type=\"heading.default\">\n\t\t\t\t\t<div class=\"elementor-heading-title elementor-size-default\">Com a KN, o SEO deixa de ser apenas posicionamento e se torna uma estrat\u00e9gia s\u00f3lida de crescimento, visibilidade e convers\u00e3o para o seu neg\u00f3cio no ambiente digital.<\/div>\t\t\t\t<\/div>\n\t\t\t\t<div class=\"elementor-element elementor-element-49c151a6 elementor-widget-divider--view-line elementor-widget elementor-widget-divider\" data-id=\"49c151a6\" data-element_type=\"widget\" data-widget_type=\"divider.default\">\n\t\t\t\t\t\t\t<div class=\"elementor-divider\">\n\t\t\t<span class=\"elementor-divider-separator\">\n\t\t\t\t\t\t<\/span>\n\t\t<\/div>\n\t\t\t\t\t\t<\/div>\n\t\t\t\t<\/div>\n\t\t<div class=\"elementor-element elementor-element-62af02d0 e-con-full e-flex e-con e-child\" data-id=\"62af02d0\" data-element_type=\"container\" data-settings=\"{&quot;background_background&quot;:&quot;gradient&quot;}\">\n\t\t\t\t<div class=\"elementor-element elementor-element-17b27363 elementor-widget elementor-widget-image\" data-id=\"17b27363\" data-element_type=\"widget\" data-widget_type=\"image.default\">\n\t\t\t\t\t\t\t\t\t\t\t\t\t\t\t<img fetchpriority=\"high\" decoding=\"async\" width=\"640\" height=\"960\" src=\"https:\/\/staging0.gabrielamtk.com\/wp-content\/uploads\/2025\/12\/seo-side.jpg\" class=\"attachment-full size-full wp-image-199\" alt=\"\" srcset=\"https:\/\/staging0.gabrielamtk.com\/wp-content\/uploads\/2025\/12\/seo-side.jpg 640w, https:\/\/staging0.gabrielamtk.com\/wp-content\/uploads\/2025\/12\/seo-side-200x300.jpg 200w\" sizes=\"(max-width: 640px) 100vw, 640px\" \/>\t\t\t\t\t\t\t\t\t\t\t\t\t\t\t<\/div>\n\t\t\t\t<\/div>\n\t\t\t\t\t<\/div>\n\t\t\t\t<\/div>\n\t\t<div class=\"elementor-element elementor-element-afe22cf e-flex e-con-boxed e-con e-parent\" data-id=\"afe22cf\" data-element_type=\"container\" data-settings=\"{&quot;background_background&quot;:&quot;classic&quot;}\">\n\t\t\t\t\t<div class=\"e-con-inner\">\n\t\t<div class=\"elementor-element elementor-element-228d21b e-con-full e-flex e-con e-child\" data-id=\"228d21b\" data-element_type=\"container\">\n\t\t\t\t<div class=\"elementor-element elementor-element-0ea2630 elementor-widget elementor-widget-heading\" data-id=\"0ea2630\" data-element_type=\"widget\" data-widget_type=\"heading.default\">\n\t\t\t\t\t<h2 class=\"elementor-heading-title elementor-size-default\">Vamos impulsionar sua marca juntos?<\/h2>\t\t\t\t<\/div>\n\t\t\t\t<div class=\"elementor-element elementor-element-f9a269a elementor-widget elementor-widget-heading\" data-id=\"f9a269a\" data-element_type=\"widget\" data-widget_type=\"heading.default\">\n\t\t\t\t\t<div class=\"elementor-heading-title elementor-size-default\">A KN est\u00e1 preparada para criar estrat\u00e9gias sob medida para o seu neg\u00f3cio, com foco em crescimento, visibilidade e convers\u00e3o.<\/div>\t\t\t\t<\/div>\n\t\t\t\t<div class=\"elementor-element elementor-element-44eeed6 elementor-align-left elementor-widget elementor-widget-button\" data-id=\"44eeed6\" data-element_type=\"widget\" data-widget_type=\"button.default\">\n\t\t\t\t\t\t\t\t\t\t<a class=\"elementor-button elementor-button-link elementor-size-md\" href=\"#\">\n\t\t\t\t\t\t<span class=\"elementor-button-content-wrapper\">\n\t\t\t\t\t\t<span class=\"elementor-button-icon\">\n\t\t\t\t<svg aria-hidden=\"true\" class=\"e-font-icon-svg e-fab-whatsapp\" viewBox=\"0 0 448 512\" xmlns=\"http:\/\/www.w3.org\/2000\/svg\"><path d=\"M380.9 97.1C339 55.1 283.2 32 223.9 32c-122.4 0-222 99.6-222 222 0 39.1 10.2 77.3 29.6 111L0 480l117.7-30.9c32.4 17.7 68.9 27 106.1 27h.1c122.3 0 224.1-99.6 224.1-222 0-59.3-25.2-115-67.1-157zm-157 341.6c-33.2 0-65.7-8.9-94-25.7l-6.7-4-69.8 18.3L72 359.2l-4.4-7c-18.5-29.4-28.2-63.3-28.2-98.2 0-101.7 82.8-184.5 184.6-184.5 49.3 0 95.6 19.2 130.4 54.1 34.8 34.9 56.2 81.2 56.1 130.5 0 101.8-84.9 184.6-186.6 184.6zm101.2-138.2c-5.5-2.8-32.8-16.2-37.9-18-5.1-1.9-8.8-2.8-12.5 2.8-3.7 5.6-14.3 18-17.6 21.8-3.2 3.7-6.5 4.2-12 1.4-32.6-16.3-54-29.1-75.5-66-5.7-9.8 5.7-9.1 16.3-30.3 1.8-3.7.9-6.9-.5-9.7-1.4-2.8-12.5-30.1-17.1-41.2-4.5-10.8-9.1-9.3-12.5-9.5-3.2-.2-6.9-.2-10.6-.2-3.7 0-9.7 1.4-14.8 6.9-5.1 5.6-19.4 19-19.4 46.3 0 27.3 19.9 53.7 22.6 57.4 2.8 3.7 39.1 59.7 94.8 83.8 35.2 15.2 49 16.5 66.6 13.9 10.7-1.6 32.8-13.4 37.4-26.4 4.6-13 4.6-24.1 3.2-26.4-1.3-2.5-5-3.9-10.5-6.6z\"><\/path><\/svg>\t\t\t<\/span>\n\t\t\t\t\t\t\t\t\t<span class=\"elementor-button-text\">Quero meu ora\u00e7mento no Wahtsapp<\/span>\n\t\t\t\t\t<\/span>\n\t\t\t\t\t<\/a>\n\t\t\t\t\t\t\t\t<\/div>\n\t\t\t\t<\/div>\n\t\t\t\t\t<\/div>\n\t\t\t\t<\/div>\n\t\t\t\t<\/div>\n\t\t","protected":false},"excerpt":{"rendered":"<p>SEO Como funciona o nosso servi\u00e7o de Seo Na KN, o SEO \u00e9 trabalhado de forma estrat\u00e9gica para posicionar sua marca nos primeiros resultados do Google e atrair clientes de forma org\u00e2nica e cont\u00ednua. Desenvolvemos estrat\u00e9gias completas de otimiza\u00e7\u00e3o que aumentam a visibilidade do seu site, fortalecem a autoridade da marca e geram tr\u00e1fego qualificado. [&hellip;]<\/p>\n","protected":false},"author":1,"featured_media":0,"parent":0,"menu_order":0,"comment_status":"closed","ping_status":"closed","template":"","meta":{"footnotes":""},"class_list":["post-197","page","type-page","status-publish","hentry"],"_links":{"self":[{"href":"https:\/\/staging0.gabrielamtk.com\/index.php?rest_route=\/wp\/v2\/pages\/197","targetHints":{"allow":["GET"]}}],"collection":[{"href":"https:\/\/staging0.gabrielamtk.com\/index.php?rest_route=\/wp\/v2\/pages"}],"about":[{"href":"https:\/\/staging0.gabrielamtk.com\/index.php?rest_route=\/wp\/v2\/types\/page"}],"author":[{"embeddable":true,"href":"https:\/\/staging0.gabrielamtk.com\/index.php?rest_route=\/wp\/v2\/users\/1"}],"replies":[{"embeddable":true,"href":"https:\/\/staging0.gabrielamtk.com\/index.php?rest_route=%2Fwp%2Fv2%2Fcomments&post=197"}],"version-history":[{"count":4,"href":"https:\/\/staging0.gabrielamtk.com\/index.php?rest_route=\/wp\/v2\/pages\/197\/revisions"}],"predecessor-version":[{"id":202,"href":"https:\/\/staging0.gabrielamtk.com\/index.php?rest_route=\/wp\/v2\/pages\/197\/revisions\/202"}],"wp:attachment":[{"href":"https:\/\/staging0.gabrielamtk.com\/index.php?rest_route=%2Fwp%2Fv2%2Fmedia&parent=197"}],"curies":[{"name":"wp","href":"https:\/\/api.w.org\/{rel}","templated":true}]}}